{"id":96,"date":"2020-11-16T11:33:03","date_gmt":"2020-11-16T10:33:03","guid":{"rendered":"http:\/\/echecs-obernai.fr\/?page_id=96"},"modified":"2020-11-26T12:59:19","modified_gmt":"2020-11-26T11:59:19","slug":"contacts","status":"publish","type":"page","link":"https:\/\/echecs-obernai.fr\/?page_id=96","title":{"rendered":"Contact"},"content":{"rendered":"\n<p><\/p>\n\n\n\n<h3 class=\"wp-block-heading\"><strong><em>Contact<\/em><\/strong><\/h3>\n\n\n\n<p>Vous pouvez nous \u00e9crire un courriel \u00e0 l&rsquo;adresse suivante :<\/p>\n\n\n\n<p class=\"has-text-align-center\"><a href=\"mailto:contact@echecs-obernai.fr\" data-type=\"mailto\" data-id=\"mailto:contact@echecs-obernai.fr\">contact@echecs-obernai.fr<\/a><\/p>\n\n\n\n<p>Nous nous  r\u00e9pondrons dans les plus bref d\u00e9lais.<\/p>\n\n\n\n<p>Vous pouvez aussi vous rendre directement au si\u00e8ge du Cercle un vendredi soir, hors vacances scolaires :<\/p>\n\n\n\n<div class=\"wp-block-group\"><div class=\"wp-block-group__inner-container is-layout-flow wp-block-group-is-layout-flow\">\n<ul class=\"wp-block-list\"><li>vers 17h30 pour les enfants.<\/li><li>vers 20h15 pour les adultes.<\/li><\/ul>\n\n\n\n<p><\/p>\n<\/div><\/div>\n\n\n\n<p>A tous les amateurs du jeu d&rsquo;\u00e9checs, jeunes et moins jeunes, venez nous rejoindre  pour partager votre passion des \u00e9checs dans un esprit studieux et convivial. Rien ne vaut l\u2019affrontement direct et les \u00e9changes autour d\u2019un \u00e9chiquier.<\/p>\n\n\n\n<p><em><strong>Nous  nous r\u00e9jouissons de vous accueillir et de vous expliquer de vive voix la philosophie et<\/strong> <strong>le fonctionnement du Cercle<\/strong>.<\/em><\/p>\n\n\n\n<h3 class=\"wp-block-heading\"><strong><em>Adresse<\/em><\/strong><\/h3>\n\n\n\n<p>Nous sommes situ\u00e9s \u00e0 l&rsquo;adresse suivante, en face du cin\u00e9ma :<\/p>\n\n\n\n<p class=\"has-text-align-center\"><strong><em><span style=\"color:#a30000\" class=\"has-inline-color\">Maison de la Musique et des Associations<\/span><\/em><\/strong><\/p>\n\n\n\n<p class=\"has-text-align-center\"><strong><em><span style=\"color:#a30000\" class=\"has-inline-color\">Rez-de-chauss\u00e9e salle 7<\/span><\/em><\/strong>, <em><strong><span style=\"color:#a30000\" class=\"has-inline-color\">Rue Athic 67210 Obernai<\/span><\/strong><\/em><\/p>\n\n\n\n<p><\/p>\n\n\n\n<p class=\"has-text-align-center\">Le parking le plus  proche est le parking de l&rsquo;Altau, \u00e0 environ 200 m.<\/p>\n\n\n","protected":false},"excerpt":{"rendered":"<p>Contact Vous pouvez nous \u00e9crire un courriel \u00e0 l&rsquo;adresse suivante : contact@echecs-obernai.fr Nous nous r\u00e9pondrons dans les plus bref d\u00e9lais. Vous pouvez aussi vous rendre directement au si\u00e8ge du Cercle un vendredi soir, hors vacances scolaires : vers 17h30 pour &hellip; <a href=\"https:\/\/echecs-obernai.fr\/?page_id=96\">Continuer la lecture <span class=\"meta-nav\">&rarr;<\/span><\/a><\/p>\n","protected":false},"author":1,"featured_media":0,"parent":0,"menu_order":0,"comment_status":"closed","ping_status":"closed","template":"","meta":{"footnotes":""},"class_list":["post-96","page","type-page","status-publish","hentry"],"_links":{"self":[{"href":"https:\/\/echecs-obernai.fr\/index.php?rest_route=\/wp\/v2\/pages\/96"}],"collection":[{"href":"https:\/\/echecs-obernai.fr\/index.php?rest_route=\/wp\/v2\/pages"}],"about":[{"href":"https:\/\/echecs-obernai.fr\/index.php?rest_route=\/wp\/v2\/types\/page"}],"author":[{"embeddable":true,"href":"https:\/\/echecs-obernai.fr\/index.php?rest_route=\/wp\/v2\/users\/1"}],"replies":[{"embeddable":true,"href":"https:\/\/echecs-obernai.fr\/index.php?rest_route=%2Fwp%2Fv2%2Fcomments&post=96"}],"version-history":[{"count":44,"href":"https:\/\/echecs-obernai.fr\/index.php?rest_route=\/wp\/v2\/pages\/96\/revisions"}],"predecessor-version":[{"id":634,"href":"https:\/\/echecs-obernai.fr\/index.php?rest_route=\/wp\/v2\/pages\/96\/revisions\/634"}],"wp:attachment":[{"href":"https:\/\/echecs-obernai.fr\/index.php?rest_route=%2Fwp%2Fv2%2Fmedia&parent=96"}],"curies":[{"name":"wp","href":"https:\/\/api.w.org\/{rel}","templated":true}]}}