{"id":36,"date":"2020-09-17T19:41:21","date_gmt":"2020-09-17T17:41:21","guid":{"rendered":"http:\/\/echecs-obernai.fr\/?page_id=36"},"modified":"2020-11-29T03:17:39","modified_gmt":"2020-11-29T02:17:39","slug":"les-equipes","status":"publish","type":"page","link":"https:\/\/echecs-obernai.fr\/?page_id=36","title":{"rendered":"Jeunes"},"content":{"rendered":"\n<h2 class=\"wp-block-heading\"><strong><em>Pourquoi&nbsp;les \u00e9checs&nbsp;?<\/em><\/strong><\/h2>\n\n\n\n<figure class=\"wp-block-image size-large is-resized is-style-default\"><img loading=\"lazy\" decoding=\"async\" src=\"http:\/\/echecs-obernai.fr\/wp-content\/uploads\/2020\/11\/201125-image-jeunes.jpg\" alt=\"\" class=\"wp-image-593\" width=\"518\" height=\"390\"\/><figcaption><em>De nombreux jeunes passionn\u00e9s.<\/em><\/figcaption><\/figure>\n\n\n\n<p><\/p>\n\n\n\n<p>Les bienfaits du jeu d\u2019\u00e9checs sont connus et reconnus.<\/p>\n\n\n\n<p>Il d\u00e9veloppe de nombreuses qualit\u00e9s chez les jeunes, quel que soit leur \u00e2ge, en particulier la concentration, la m\u00e9moire, la&nbsp;patience,<strong> <\/strong>la<strong>&nbsp;<\/strong>pers\u00e9v\u00e9rance, la<strong>&nbsp;<\/strong>cr\u00e9ativit\u00e9, l\u2019esprit critique&#8230;<\/p>\n\n\n\n<p><span class=\"has-inline-color has-blue-color\"><em>\u00ab&nbsp;Apprendre&nbsp;\u00e0 bien penser, c&rsquo;est&nbsp;apprendre&nbsp;\u00e0 bien vivre.\u00bb, Pedro Damiano (1480-1544).<\/em><\/span><\/p>\n\n\n\n<p>Mais il aide aussi \u00e0 forger sa personnalit\u00e9. Il l\u2019aide \u00e0 gagner en confiance en soi, \u00e0 comprendre les cons\u00e9quences de ses actes&#8230; Il favorise l\u2019autonomie, la responsabilit\u00e9, le respect de l\u2019adversaire\u2026<\/p>\n\n\n\n<p>Les \u00e9checs apprennent \u00e0 gagner et \u00e0 perdre&nbsp;: une le\u00e7on de vie.<\/p>\n\n\n\n<p><em><span class=\"has-inline-color has-blue-color\">\u00ab&nbsp;&nbsp;On devient grand le jour o\u00f9 on commence \u00e0 battre papa aux \u00e9checs. On devient adulte le jour o\u00f9 on le laisse gagner&nbsp;!&nbsp;\u00bb, Anonyme<\/span>.<\/em><\/p>\n\n\n\n<h2 class=\"wp-block-heading\"><strong><em>Se former<\/em><\/strong><\/h2>\n\n\n\n<p>Notre ambition n\u2019est pas d\u2019en faire un champion du monde mais beaucoup plus modestement de lui faire aimer les \u00e9checs. Et c\u2019est en progressant qu\u2019on devient passionn\u00e9.<\/p>\n\n\n\n<p>Les cours sont dispens\u00e9s par <strong>Pierre Lef\u00e8bvre<\/strong>, entraineur dipl\u00f4m\u00e9 par la F\u00e9d\u00e9ration Fran\u00e7aise d&rsquo;Echecs. II est second\u00e9 par <strong>C\u00e9cile Schlotter<\/strong>, la responsable des jeunes. Les horaires sont repris dans l&rsquo;onglet pr\u00e9c\u00e9dent.<\/p>\n\n\n\n<p><em><span class=\"has-inline-color has-blue-color\">\u00ab&nbsp;Lorsque vous avez trouv\u00e9 un bon coup, cherchez-en un meilleur.&nbsp;\u00bb<\/span><\/em>, <em><span class=\"has-inline-color has-blue-color\">Pedro Damiano (1480-1544)<\/span><\/em>.<\/p>\n\n\n\n<h2 class=\"wp-block-heading\"><strong><em>Jouer<\/em><\/strong><\/h2>\n\n\n\n<p>Rien ne vaut la pratique pour progresser.<\/p>\n\n\n\n<figure class=\"wp-block-image size-large is-resized is-style-default\"><img loading=\"lazy\" decoding=\"async\" src=\"http:\/\/echecs-obernai.fr\/wp-content\/uploads\/2020\/11\/201125-image_groupe_lucie.jpg\" alt=\"\" class=\"wp-image-654\" width=\"525\" height=\"396\"\/><figcaption><em>La capacit\u00e9 de concentration en oeuvre d\u00e8s le plus jeune \u00e2ge.<\/em><\/figcaption><\/figure>\n\n\n\n<p>Les cours des vendredis comprennent une s\u00e9ance de parties encadr\u00e9es, les samedis \u00e9tant r\u00e9serv\u00e9s \u00e0 des parties libres.<\/p>\n\n\n\n<p>Une comp\u00e9tition officieuse, accessible d\u00e8s les d\u00e9butants, est organis\u00e9e dans diff\u00e9rents clubs de la r\u00e9gion d\u00e9nomm\u00e9e&nbsp;CEJCA (Comp\u00e9tition d\u2019Echecs des Jeunes du Centre-Alsace).<\/p>\n\n\n\n<figure class=\"wp-block-image size-large is-resized is-style-default\"><img loading=\"lazy\" decoding=\"async\" src=\"http:\/\/echecs-obernai.fr\/wp-content\/uploads\/2020\/11\/201120-cejca1-1024x512.jpg\" alt=\"\" class=\"wp-image-219\" width=\"693\" height=\"347\" srcset=\"https:\/\/echecs-obernai.fr\/wp-content\/uploads\/2020\/11\/201120-cejca1-1024x512.jpg 1024w, https:\/\/echecs-obernai.fr\/wp-content\/uploads\/2020\/11\/201120-cejca1-300x150.jpg 300w, https:\/\/echecs-obernai.fr\/wp-content\/uploads\/2020\/11\/201120-cejca1-768x384.jpg 768w, https:\/\/echecs-obernai.fr\/wp-content\/uploads\/2020\/11\/201120-cejca1-1536x768.jpg 1536w, https:\/\/echecs-obernai.fr\/wp-content\/uploads\/2020\/11\/201120-cejca1-2048x1024.jpg 2048w\" sizes=\"(max-width: 693px) 100vw, 693px\" \/><figcaption>50 \u00e0 80 jeunes de tout \u00e2ge s&rsquo;affrontent dans la bonne humeur.<\/figcaption><\/figure>\n\n\n\n<p>Une \u00e9quipe de jeunes, qui rassemble plut\u00f4t des joueurs confirm\u00e9s ou experts, peut \u00eatre engag\u00e9e en comp\u00e9tition officielle jeunes du Conseil D\u00e9partemental,comme par exemple le Crit\u00e9rium .<\/p>\n","protected":false},"excerpt":{"rendered":"<p>Pourquoi&nbsp;les \u00e9checs&nbsp;? Les bienfaits du jeu d\u2019\u00e9checs sont connus et reconnus. Il d\u00e9veloppe de nombreuses qualit\u00e9s chez les jeunes, quel que soit leur \u00e2ge, en particulier la concentration, la m\u00e9moire, la&nbsp;patience, la&nbsp;pers\u00e9v\u00e9rance, la&nbsp;cr\u00e9ativit\u00e9, l\u2019esprit critique&#8230; \u00ab&nbsp;Apprendre&nbsp;\u00e0 bien penser, c&rsquo;est&nbsp;apprendre&nbsp;\u00e0 bien &hellip; <a href=\"https:\/\/echecs-obernai.fr\/?page_id=36\">Continuer la lecture <span class=\"meta-nav\">&rarr;<\/span><\/a><\/p>\n","protected":false},"author":1,"featured_media":0,"parent":0,"menu_order":0,"comment_status":"closed","ping_status":"closed","template":"","meta":{"footnotes":""},"class_list":["post-36","page","type-page","status-publish","hentry"],"_links":{"self":[{"href":"https:\/\/echecs-obernai.fr\/index.php?rest_route=\/wp\/v2\/pages\/36"}],"collection":[{"href":"https:\/\/echecs-obernai.fr\/index.php?rest_route=\/wp\/v2\/pages"}],"about":[{"href":"https:\/\/echecs-obernai.fr\/index.php?rest_route=\/wp\/v2\/types\/page"}],"author":[{"embeddable":true,"href":"https:\/\/echecs-obernai.fr\/index.php?rest_route=\/wp\/v2\/users\/1"}],"replies":[{"embeddable":true,"href":"https:\/\/echecs-obernai.fr\/index.php?rest_route=%2Fwp%2Fv2%2Fcomments&post=36"}],"version-history":[{"count":35,"href":"https:\/\/echecs-obernai.fr\/index.php?rest_route=\/wp\/v2\/pages\/36\/revisions"}],"predecessor-version":[{"id":717,"href":"https:\/\/echecs-obernai.fr\/index.php?rest_route=\/wp\/v2\/pages\/36\/revisions\/717"}],"wp:attachment":[{"href":"https:\/\/echecs-obernai.fr\/index.php?rest_route=%2Fwp%2Fv2%2Fmedia&parent=36"}],"curies":[{"name":"wp","href":"https:\/\/api.w.org\/{rel}","templated":true}]}}