{"id":359,"date":"2020-11-23T09:57:47","date_gmt":"2020-11-23T08:57:47","guid":{"rendered":"http:\/\/echecs-obernai.fr\/?page_id=359"},"modified":"2020-11-26T19:24:49","modified_gmt":"2020-11-26T18:24:49","slug":"cejca","status":"publish","type":"page","link":"https:\/\/echecs-obernai.fr\/?page_id=359","title":{"rendered":"CEJCA"},"content":{"rendered":"\n<p>Les premi\u00e8res rondes ont d\u00fb \u00eatre annul\u00e9es.<\/p>\n\n\n\n<figure class=\"wp-block-image size-large is-resized is-style-default\"><img loading=\"lazy\" decoding=\"async\" src=\"http:\/\/echecs-obernai.fr\/wp-content\/uploads\/2020\/11\/201120-cejca-1024x512.jpg\" alt=\"\" class=\"wp-image-218\" width=\"574\" height=\"287\" srcset=\"https:\/\/echecs-obernai.fr\/wp-content\/uploads\/2020\/11\/201120-cejca-1024x512.jpg 1024w, https:\/\/echecs-obernai.fr\/wp-content\/uploads\/2020\/11\/201120-cejca-300x150.jpg 300w, https:\/\/echecs-obernai.fr\/wp-content\/uploads\/2020\/11\/201120-cejca-768x384.jpg 768w, https:\/\/echecs-obernai.fr\/wp-content\/uploads\/2020\/11\/201120-cejca-1536x768.jpg 1536w, https:\/\/echecs-obernai.fr\/wp-content\/uploads\/2020\/11\/201120-cejca-2048x1024.jpg 2048w\" sizes=\"(max-width: 574px) 100vw, 574px\" \/><figcaption>Le CEJCA en 2019, le bonheur.<\/figcaption><\/figure>\n\n\n\n<p><\/p>\n","protected":false},"excerpt":{"rendered":"<p>Les premi\u00e8res rondes ont d\u00fb \u00eatre annul\u00e9es.<\/p>\n","protected":false},"author":1,"featured_media":0,"parent":0,"menu_order":0,"comment_status":"closed","ping_status":"closed","template":"","meta":{"footnotes":""},"class_list":["post-359","page","type-page","status-publish","hentry"],"_links":{"self":[{"href":"https:\/\/echecs-obernai.fr\/index.php?rest_route=\/wp\/v2\/pages\/359"}],"collection":[{"href":"https:\/\/echecs-obernai.fr\/index.php?rest_route=\/wp\/v2\/pages"}],"about":[{"href":"https:\/\/echecs-obernai.fr\/index.php?rest_route=\/wp\/v2\/types\/page"}],"author":[{"embeddable":true,"href":"https:\/\/echecs-obernai.fr\/index.php?rest_route=\/wp\/v2\/users\/1"}],"replies":[{"embeddable":true,"href":"https:\/\/echecs-obernai.fr\/index.php?rest_route=%2Fwp%2Fv2%2Fcomments&post=359"}],"version-history":[{"count":8,"href":"https:\/\/echecs-obernai.fr\/index.php?rest_route=\/wp\/v2\/pages\/359\/revisions"}],"predecessor-version":[{"id":628,"href":"https:\/\/echecs-obernai.fr\/index.php?rest_route=\/wp\/v2\/pages\/359\/revisions\/628"}],"wp:attachment":[{"href":"https:\/\/echecs-obernai.fr\/index.php?rest_route=%2Fwp%2Fv2%2Fmedia&parent=359"}],"curies":[{"name":"wp","href":"https:\/\/api.w.org\/{rel}","templated":true}]}}