{"id":303,"date":"2020-11-22T16:12:28","date_gmt":"2020-11-22T15:12:28","guid":{"rendered":"http:\/\/echecs-obernai.fr\/?page_id=303"},"modified":"2022-10-19T10:16:55","modified_gmt":"2022-10-19T08:16:55","slug":"un-peu-dhistoire","status":"publish","type":"page","link":"https:\/\/echecs-obernai.fr\/?page_id=303","title":{"rendered":"Un peu d&rsquo;histoire"},"content":{"rendered":"\n<p>Le Cercle a \u00e9t\u00e9  officiellement cr\u00e9\u00e9 lors de l\u2019Assembl\u00e9e G\u00e9n\u00e9rale (AG) du 9 octobre 1981 par un groupe de passionn\u00e9s qui se r\u00e9unissait d\u00e9j\u00e0 r\u00e9guli\u00e8rement depuis 1974 sous la houlette de <strong>Paul Adolf <\/strong> afin d&rsquo;assouvir leur passion des \u00e9checs.<\/p>\n\n\n\n<p>Il a \u00e9t\u00e9 enregistr\u00e9 au Tribunal d&rsquo;Instance de Molsheim le 23 mars1983.<\/p>\n\n\n\n<h3 class=\"wp-block-heading\"><span class=\"has-inline-color has-blue-color\"><strong>Extrait de la d\u00e9lib\u00e9ration lors de l\u2019Assembl\u00e9e G\u00e9n\u00e9rale (AG) du 9 octobre 1981&nbsp;:<\/strong><\/span><\/h3>\n\n\n\n<p><em><u><strong><span class=\"has-inline-color has-blue-color\">Ont \u00e9t\u00e9 \u00e9lus \u00e0 l&rsquo;unanimit\u00e9 des pr\u00e9sents :<\/span><\/strong><\/u><\/em><\/p>\n\n\n\n<div class=\"wp-block-group\"><div class=\"wp-block-group__inner-container is-layout-flow wp-block-group-is-layout-flow\">\n<ul class=\"wp-block-list\"><li><span class=\"has-inline-color has-blue-color\"><strong><em>Pr\u00e9sident : LAMBLA Ren\u00e9<\/em><\/strong><\/span><\/li><li><span class=\"has-inline-color has-blue-color\"><strong><em>Secr\u00e9taire : COYNE Jean Claude<\/em><\/strong><\/span><\/li><li><span class=\"has-inline-color has-blue-color\"><strong><em>Secr\u00e9taire adjoint : KOEHLING <\/em>Maurice<\/strong><\/span><\/li><li><span class=\"has-inline-color has-blue-color\"><strong><em>Tr\u00e9sorier : APPENZELLER Roland<\/em><\/strong><\/span><\/li><li><span class=\"has-inline-color has-blue-color\"><strong><em>Assesseurs : BECHMANN Thierry<\/em>, <em>FRANCOIS Robert<\/em>, <em>MAILLARD Philippe<\/em><\/strong><\/span><\/li><li><span class=\"has-inline-color has-blue-color\"><strong><em>R\u00e9viseur aux comptes : CHANTRAINE Jean<\/em><\/strong><\/span><\/li><li><span class=\"has-inline-color has-blue-color\"><strong><em>Responsable jeunes : KINNBACHER Claude<\/em><\/strong><\/span><\/li><\/ul>\n<\/div><\/div>\n\n\n\n<p>Notre regrett\u00e9 <strong>Ren\u00e9 Lambla <\/strong>a pris le relais en 1981 et a port\u00e9 le club durant pr\u00e8s de 20 ans. D\u00e8s le d\u00e9but, il a mis toute son \u00e9nergie pour la formation des jeunes. Toute une g\u00e9n\u00e9ration de jeunes Obernois ont ainsi pu s\u2019\u00e9panouir au jeu d\u2019\u00e9checs.<\/p>\n\n\n\n<figure class=\"wp-block-image size-large is-resized is-style-default\"><img loading=\"lazy\" decoding=\"async\" src=\"http:\/\/echecs-obernai.fr\/wp-content\/uploads\/2020\/11\/201125-rene.jpg\" alt=\"\" class=\"wp-image-586\" width=\"383\" height=\"268\"\/><figcaption><em>Durant 20 ans, Ren\u00e9 a cumul\u00e9 les fonctions de Pr\u00e9sident, organisateur de manifestations \u00e9chiqu\u00e9ennes diverses, formateur des jeunes et joueur d&rsquo;un tr\u00e8s bon niveau<\/em>, <em>une vie consacr\u00e9e au Cercle d&rsquo;Echecs d&rsquo;Obernai<\/em>.<\/figcaption><\/figure>\n\n\n\n<p>Encore aujourd\u2019hui, le Cercle compte deux membres fondateurs dans ses rangs, celui qui a \u00e9t\u00e9 tr\u00e9sorier depuis le d\u00e9but, notre tr\u00e8s actif <strong>Roland Appenzeller<\/strong> et notre fid\u00e8le <strong>Claude Kinnbacher <\/strong>tr\u00e8s engag\u00e9 avec les jeunes sous la pr\u00e9sidence de Ren\u00e9.<\/p>\n\n\n\n<p>Les meilleures performances du Cercle ont \u00e9t\u00e9 r\u00e9alis\u00e9es dans les ann\u00e9es 2012\/2013 o\u00f9 l\u2019\u00e9quipe 1, essentiellement compos\u00e9e de ex-jeunes de la g\u00e9n\u00e9ration Ren\u00e9, \u00e9voluait en Nationale II.<\/p>\n\n\n\n<p>Actuellement le Cercle compte plus d\u2019une trentaine de membres dont les deux tiers sont des adolescents. La priorit\u00e9 donn\u00e9e \u00e0 la formation des jeunes, initi\u00e9e par Ren\u00e9, reste le leitmotiv du Cercle.<\/p>\n\n\n\n<p>L\u2019\u00e9quipe 1, en partie compos\u00e9e de jeunes, est engag\u00e9e en Nationale IV.<\/p>\n","protected":false},"excerpt":{"rendered":"<p>Le Cercle a \u00e9t\u00e9 officiellement cr\u00e9\u00e9 lors de l\u2019Assembl\u00e9e G\u00e9n\u00e9rale (AG) du 9 octobre 1981 par un groupe de passionn\u00e9s qui se r\u00e9unissait d\u00e9j\u00e0 r\u00e9guli\u00e8rement depuis 1974 sous la houlette de Paul Adolf afin d&rsquo;assouvir leur passion des \u00e9checs. Il &hellip; <a href=\"https:\/\/echecs-obernai.fr\/?page_id=303\">Continuer la lecture <span class=\"meta-nav\">&rarr;<\/span><\/a><\/p>\n","protected":false},"author":1,"featured_media":0,"parent":0,"menu_order":0,"comment_status":"closed","ping_status":"closed","template":"","meta":{"footnotes":""},"class_list":["post-303","page","type-page","status-publish","hentry"],"_links":{"self":[{"href":"https:\/\/echecs-obernai.fr\/index.php?rest_route=\/wp\/v2\/pages\/303"}],"collection":[{"href":"https:\/\/echecs-obernai.fr\/index.php?rest_route=\/wp\/v2\/pages"}],"about":[{"href":"https:\/\/echecs-obernai.fr\/index.php?rest_route=\/wp\/v2\/types\/page"}],"author":[{"embeddable":true,"href":"https:\/\/echecs-obernai.fr\/index.php?rest_route=\/wp\/v2\/users\/1"}],"replies":[{"embeddable":true,"href":"https:\/\/echecs-obernai.fr\/index.php?rest_route=%2Fwp%2Fv2%2Fcomments&post=303"}],"version-history":[{"count":24,"href":"https:\/\/echecs-obernai.fr\/index.php?rest_route=\/wp\/v2\/pages\/303\/revisions"}],"predecessor-version":[{"id":769,"href":"https:\/\/echecs-obernai.fr\/index.php?rest_route=\/wp\/v2\/pages\/303\/revisions\/769"}],"wp:attachment":[{"href":"https:\/\/echecs-obernai.fr\/index.php?rest_route=%2Fwp%2Fv2%2Fmedia&parent=303"}],"curies":[{"name":"wp","href":"https:\/\/api.w.org\/{rel}","templated":true}]}}