{"id":24,"date":"2020-09-14T11:05:10","date_gmt":"2020-09-14T09:05:10","guid":{"rendered":"http:\/\/echecs-obernai.fr\/?page_id=24"},"modified":"2025-10-21T22:48:35","modified_gmt":"2025-10-21T20:48:35","slug":"accueil","status":"publish","type":"page","link":"https:\/\/echecs-obernai.fr\/","title":{"rendered":"Accueil"},"content":{"rendered":"\n<p><strong><em>Bienvenue sur le site du Cercle d&rsquo;Echecs d&rsquo;Obernai. <\/em><\/strong><\/p>\n\n\n\n<p><em><span class=\"has-inline-color has-blue-color\">\u00ab&nbsp;Le jeu d&rsquo;\u00e9checs est un jeu dans son essence, un art dans sa forme, une science dans son ex\u00e9cution\u00bb, Baron von der Lasa (1818-1899).<\/span><\/em><\/p>\n\n\n\n<p><strong><em>Le Cercle en quelques mots<\/em><\/strong><\/p>\n\n\n\n<div class=\"wp-block-group\"><div class=\"wp-block-group__inner-container is-layout-flow wp-block-group-is-layout-flow\">\n<ul class=\"wp-block-list\">\n<li>Un lieu pour \u00e9changer et s\u2019entraider entre des passionn\u00e9s d&rsquo;\u00e9checs dans un esprit convivial.<\/li>\n\n\n\n<li>Des cours d\u2019\u00e9checs pour jeunes avec trois niveaux&nbsp;: d\u00e9butant, confirm\u00e9 ou expert.<\/li>\n\n\n\n<li>Des \u00e9quipes engag\u00e9es en championnat national et en championnat d\u00e9partemental.<\/li>\n\n\n\n<li>Des animations pour pratiquer, s\u2019exercer et progresser.<\/li>\n\n\n\n<li>L\u2019organisation d&rsquo;un Open  en partenariat avec le Club d\u2019Echecs d&rsquo;Altorf.<\/li>\n<\/ul>\n<\/div><\/div>\n\n\n\n<h1 class=\"wp-block-heading\"><strong><em>Actualit\u00e9s<\/em><\/strong><\/h1>\n\n\n\n<p><strong>Rentr\u00e9e 2025\/2026: le vendredi 5 septembre<\/strong><\/p>\n\n\n\n<p>La rentr\u00e9e de la nouvelle saison aura lieu le vendredi 5 septembre prochain.<\/p>\n\n\n\n<p>Pour les passionn\u00e9s ou les futurs passionn\u00e9s, nous vous donnons rendez-vous au si\u00e8ge du cercle, en salle 7 de la Maison de la Musique et des Associations, espace Athic (en face du cin\u00e9ma):<\/p>\n\n\n\n<p>-\u00e0 17h30 pour les jeunes.<\/p>\n\n\n\n<p>-\u00e0 partir de 19h30 pour les adultes.<\/p>\n\n\n\n<p>Nous vous donnerons toutes les explications sur le fonctionnement du club.<\/p>\n\n\n\n<p>Petits (\u00e0 partir de 6 ans) et grands (le v\u00e9t\u00e9ran du club a f\u00eat\u00e9 ses 82 printemps), venez vous baigner dans l\u2019ambiance studieuse et conviviale du club.<\/p>\n\n\n\n<p>Rien ne vaut le plaisir d\u2019apprendre, de se perfectionner ou simplement de jouer avec d\u2019autres passionn\u00e9s. Faites un essai, le club vous propose 2 s\u00e9ances gratuites.<\/p>\n\n\n\n<p>Si vous venez en voiture, nous vous conseillons de vous garer au parking de l\u2019Altau qui se trouve \u00e0 200m et d\u2019emprunter la rue de l\u2019Angle et la rue des Coqs<\/p>\n\n\n\n<p>Bel \u00e9t\u00e9 \u00e0 vous et au plaisir de vous retrouver le vendredi 5 septembre.<\/p>\n\n\n<h2 class=\"wp-block-heading\"><em><strong>4\u00e8me Open Altorf-Obernai les samedi 25 et dimanche 26 octobre 2025<\/strong><\/em><\/h2>\n<p>Vous trouverez toutes les informations en cliquant sur l&rsquo;onglet \u00ab\u00a0<a href=\"https:\/\/echecs-obernai.fr\/?page_id=1047\">Open 2025<\/a>\u00a0\u00bb .<\/p>\n\n\n<h1 class=\"wp-block-heading\"><em><strong><mark style=\"background-color:rgba(0, 0, 0, 0);color:#fa0707\" class=\"has-inline-color\">Le nombre maximal de participants ayant \u00e9t\u00e9 atteint, les inscriptions sont d\u00e9sormais closes.<\/mark><\/strong><\/em><\/h1>\n\n\n\n<p><\/p>\n\n\n\n<p><\/p>\n\n\n\n<p><\/p>\n\n\n\n<p><\/p>\n\n\n\n<p><\/p>\n\n\n\n<p><\/p>\n\n\n\n<p><\/p>\n\n\n\n<h2 class=\"wp-block-heading\"><\/h2>\n","protected":false},"excerpt":{"rendered":"<p>Bienvenue sur le site du Cercle d&rsquo;Echecs d&rsquo;Obernai. \u00ab&nbsp;Le jeu d&rsquo;\u00e9checs est un jeu dans son essence, un art dans sa forme, une science dans son ex\u00e9cution\u00bb, Baron von der Lasa (1818-1899). Le Cercle en quelques mots Actualit\u00e9s Rentr\u00e9e 2025\/2026: &hellip; <a href=\"https:\/\/echecs-obernai.fr\/\">Continuer la lecture <span class=\"meta-nav\">&rarr;<\/span><\/a><\/p>\n","protected":false},"author":1,"featured_media":0,"parent":0,"menu_order":0,"comment_status":"closed","ping_status":"closed","template":"","meta":{"footnotes":""},"class_list":["post-24","page","type-page","status-publish","hentry"],"_links":{"self":[{"href":"https:\/\/echecs-obernai.fr\/index.php?rest_route=\/wp\/v2\/pages\/24"}],"collection":[{"href":"https:\/\/echecs-obernai.fr\/index.php?rest_route=\/wp\/v2\/pages"}],"about":[{"href":"https:\/\/echecs-obernai.fr\/index.php?rest_route=\/wp\/v2\/types\/page"}],"author":[{"embeddable":true,"href":"https:\/\/echecs-obernai.fr\/index.php?rest_route=\/wp\/v2\/users\/1"}],"replies":[{"embeddable":true,"href":"https:\/\/echecs-obernai.fr\/index.php?rest_route=%2Fwp%2Fv2%2Fcomments&post=24"}],"version-history":[{"count":79,"href":"https:\/\/echecs-obernai.fr\/index.php?rest_route=\/wp\/v2\/pages\/24\/revisions"}],"predecessor-version":[{"id":1503,"href":"https:\/\/echecs-obernai.fr\/index.php?rest_route=\/wp\/v2\/pages\/24\/revisions\/1503"}],"wp:attachment":[{"href":"https:\/\/echecs-obernai.fr\/index.php?rest_route=%2Fwp%2Fv2%2Fmedia&parent=24"}],"curies":[{"name":"wp","href":"https:\/\/api.w.org\/{rel}","templated":true}]}}