{"id":1047,"date":"2022-08-03T17:15:54","date_gmt":"2022-08-03T15:15:54","guid":{"rendered":"http:\/\/echecs-obernai.fr\/?page_id=1047"},"modified":"2026-04-14T21:29:06","modified_gmt":"2026-04-14T19:29:06","slug":"open","status":"publish","type":"page","link":"https:\/\/echecs-obernai.fr\/?page_id=1047","title":{"rendered":"Open 2026"},"content":{"rendered":"\n<h1 class=\"wp-block-heading has-text-align-center\"><em><mark style=\"background-color:rgba(0, 0, 0, 0);color:#ed1616\" class=\"has-inline-color\">Le nombre maximal de participants ayant \u00e9t\u00e9 atteint, les inscriptions sont d\u00e9sormais closes.<\/mark><\/em><\/h1>\n\n\n\n<figure class=\"wp-block-gallery has-nested-images columns-default is-cropped wp-block-gallery-1 is-layout-flex wp-block-gallery-is-layout-flex\">\n<figure class=\"wp-block-image size-large\"><img loading=\"lazy\" decoding=\"async\" width=\"724\" height=\"1024\" data-id=\"1477\" src=\"https:\/\/echecs-obernai.fr\/wp-content\/uploads\/2025\/08\/open-2025-v2-1-724x1024.jpg\" alt=\"\" class=\"wp-image-1477\" srcset=\"https:\/\/echecs-obernai.fr\/wp-content\/uploads\/2025\/08\/open-2025-v2-1-724x1024.jpg 724w, https:\/\/echecs-obernai.fr\/wp-content\/uploads\/2025\/08\/open-2025-v2-1-212x300.jpg 212w, https:\/\/echecs-obernai.fr\/wp-content\/uploads\/2025\/08\/open-2025-v2-1-768x1086.jpg 768w, https:\/\/echecs-obernai.fr\/wp-content\/uploads\/2025\/08\/open-2025-v2-1-1086x1536.jpg 1086w, https:\/\/echecs-obernai.fr\/wp-content\/uploads\/2025\/08\/open-2025-v2-1-1448x2048.jpg 1448w, https:\/\/echecs-obernai.fr\/wp-content\/uploads\/2025\/08\/open-2025-v2-1.jpg 1653w\" sizes=\"(max-width: 724px) 100vw, 724px\" \/><\/figure>\n<\/figure>\n\n\n\n<p><\/p>\n\n\n\n<p><\/p>\n\n\n\n<h1 class=\"wp-block-heading\"><strong><em>Avec le parrainage et le soutien de nos partenaires :<\/em><\/strong><\/h1>\n\n\n<div class=\"wp-block-image\">\n<figure class=\"alignleft size-full is-resized\"><img loading=\"lazy\" decoding=\"async\" width=\"228\" height=\"90\" src=\"http:\/\/echecs-obernai.fr\/wp-content\/uploads\/2022\/10\/logo_Altorf.jpg\" alt=\"\" class=\"wp-image-1138\" style=\"width:262px;height:104px\"\/><figcaption class=\"wp-element-caption\"><strong><em>Mairie d&rsquo;Altorf<\/em><\/strong><\/figcaption><\/figure><\/div>\n\n<div class=\"wp-block-image\">\n<figure class=\"alignright size-full is-resized\"><img loading=\"lazy\" decoding=\"async\" width=\"415\" height=\"113\" src=\"http:\/\/echecs-obernai.fr\/wp-content\/uploads\/2020\/11\/201115-logo_bernai-1.jpg\" alt=\"\" class=\"wp-image-411\" style=\"width:270px;height:73px\" srcset=\"https:\/\/echecs-obernai.fr\/wp-content\/uploads\/2020\/11\/201115-logo_bernai-1.jpg 415w, https:\/\/echecs-obernai.fr\/wp-content\/uploads\/2020\/11\/201115-logo_bernai-1-300x82.jpg 300w\" sizes=\"(max-width: 415px) 100vw, 415px\" \/><figcaption class=\"wp-element-caption\"><strong><em>Mairie d&rsquo;Obernai<\/em><\/strong><\/figcaption><\/figure><\/div>\n\n\n<div class=\"wp-block-group\"><div class=\"wp-block-group__inner-container is-layout-flow wp-block-group-is-layout-flow\"><div class=\"wp-block-image\">\n<figure class=\"aligncenter size-large is-resized\"><img loading=\"lazy\" decoding=\"async\" width=\"1024\" height=\"437\" src=\"http:\/\/echecs-obernai.fr\/wp-content\/uploads\/2022\/10\/logo.CM_-1024x437.jpg\" alt=\"\" class=\"wp-image-1134\" style=\"width:318px;height:134px\" srcset=\"https:\/\/echecs-obernai.fr\/wp-content\/uploads\/2022\/10\/logo.CM_-1024x437.jpg 1024w, https:\/\/echecs-obernai.fr\/wp-content\/uploads\/2022\/10\/logo.CM_-300x128.jpg 300w, https:\/\/echecs-obernai.fr\/wp-content\/uploads\/2022\/10\/logo.CM_-768x328.jpg 768w, https:\/\/echecs-obernai.fr\/wp-content\/uploads\/2022\/10\/logo.CM_-1536x655.jpg 1536w, https:\/\/echecs-obernai.fr\/wp-content\/uploads\/2022\/10\/logo.CM_-2048x874.jpg 2048w\" sizes=\"(max-width: 1024px) 100vw, 1024px\" \/><\/figure><\/div><\/div><\/div>\n\n\n<div class=\"wp-block-image\">\n<figure class=\"aligncenter is-resized\"><img loading=\"lazy\" decoding=\"async\" width=\"2560\" height=\"1615\" src=\"https:\/\/echecs-obernai.fr\/wp-content\/uploads\/2022\/10\/AU-PAIN-GOURMAND-LOGO.jpeg-1-scaled.jpg\" alt=\"\" class=\"wp-image-1157\" style=\"width:334px;height:auto\" srcset=\"https:\/\/echecs-obernai.fr\/wp-content\/uploads\/2022\/10\/AU-PAIN-GOURMAND-LOGO.jpeg-1-scaled.jpg 2560w, https:\/\/echecs-obernai.fr\/wp-content\/uploads\/2022\/10\/AU-PAIN-GOURMAND-LOGO.jpeg-1-300x189.jpg 300w, https:\/\/echecs-obernai.fr\/wp-content\/uploads\/2022\/10\/AU-PAIN-GOURMAND-LOGO.jpeg-1-1024x646.jpg 1024w, https:\/\/echecs-obernai.fr\/wp-content\/uploads\/2022\/10\/AU-PAIN-GOURMAND-LOGO.jpeg-1-768x485.jpg 768w, https:\/\/echecs-obernai.fr\/wp-content\/uploads\/2022\/10\/AU-PAIN-GOURMAND-LOGO.jpeg-1-1536x969.jpg 1536w, https:\/\/echecs-obernai.fr\/wp-content\/uploads\/2022\/10\/AU-PAIN-GOURMAND-LOGO.jpeg-1-2048x1292.jpg 2048w\" sizes=\"(max-width: 2560px) 100vw, 2560px\" \/><\/figure><\/div>\n\n\n<figure class=\"wp-block-gallery has-nested-images columns-default is-cropped wp-block-gallery-2 is-layout-flex wp-block-gallery-is-layout-flex\"><\/figure>\n\n\n\n<figure class=\"wp-block-image size-full is-resized\"><img loading=\"lazy\" decoding=\"async\" width=\"250\" height=\"100\" src=\"https:\/\/echecs-obernai.fr\/wp-content\/uploads\/2022\/10\/logo_CEBR.jpg\" alt=\"\" class=\"wp-image-1141\" style=\"width:722px;height:auto\"\/><\/figure>\n\n\n\n<p><\/p>\n","protected":false},"excerpt":{"rendered":"<p>Le nombre maximal de participants ayant \u00e9t\u00e9 atteint, les inscriptions sont d\u00e9sormais closes. Avec le parrainage et le soutien de nos partenaires :<\/p>\n","protected":false},"author":1,"featured_media":0,"parent":0,"menu_order":0,"comment_status":"closed","ping_status":"closed","template":"","meta":{"footnotes":""},"class_list":["post-1047","page","type-page","status-publish","hentry"],"_links":{"self":[{"href":"https:\/\/echecs-obernai.fr\/index.php?rest_route=\/wp\/v2\/pages\/1047"}],"collection":[{"href":"https:\/\/echecs-obernai.fr\/index.php?rest_route=\/wp\/v2\/pages"}],"about":[{"href":"https:\/\/echecs-obernai.fr\/index.php?rest_route=\/wp\/v2\/types\/page"}],"author":[{"embeddable":true,"href":"https:\/\/echecs-obernai.fr\/index.php?rest_route=\/wp\/v2\/users\/1"}],"replies":[{"embeddable":true,"href":"https:\/\/echecs-obernai.fr\/index.php?rest_route=%2Fwp%2Fv2%2Fcomments&post=1047"}],"version-history":[{"count":148,"href":"https:\/\/echecs-obernai.fr\/index.php?rest_route=\/wp\/v2\/pages\/1047\/revisions"}],"predecessor-version":[{"id":1506,"href":"https:\/\/echecs-obernai.fr\/index.php?rest_route=\/wp\/v2\/pages\/1047\/revisions\/1506"}],"wp:attachment":[{"href":"https:\/\/echecs-obernai.fr\/index.php?rest_route=%2Fwp%2Fv2%2Fmedia&parent=1047"}],"curies":[{"name":"wp","href":"https:\/\/api.w.org\/{rel}","templated":true}]}}